{"id":7,"date":"2020-04-30T13:35:19","date_gmt":"2020-04-30T13:35:19","guid":{"rendered":"http:\/\/ballettstudio-mz.de\/?page_id=7"},"modified":"2024-02-13T17:36:51","modified_gmt":"2024-02-13T17:36:51","slug":"erwachsenenballett","status":"publish","type":"page","link":"https:\/\/ballettstudio-mz.de\/?page_id=7","title":{"rendered":"Erwachsenenballett.  NEUE KURSE AB 50!!"},"content":{"rendered":"\n<p><\/p>\n\n\n\n<p>Das Ballett verbessert nicht nur die Haltung, sondern auch die Koordination und das K\u00f6rpergef\u00fchl. Ausserdem die Elastizit\u00e4t und die Muskelkraft. Das Klassisches Ballett trainiert auch dein Gehirn und ist die Beste Medizin f\u00fcr die Seele. Ballettstudio MZ bittet Ballett Kurse f\u00fcr jeder Altersklasse mit unterschiedlichen Leistungsstufen an. Die sanfte Ausf\u00fchrung von Bewegungen wird f\u00fcr jedes Niveau passend gemacht. Daher Anf\u00e4nger, mit oder ohne Vorkenntnisse, Mittelstufe sowie Fortgeschrittenen sind herzlich willkommen . Es ist nie zu sp\u00e4t, Ballett anfangen zu \u00fcben.<\/p>\n","protected":false},"excerpt":{"rendered":"<p>Das Ballett verbessert nicht nur die Haltung, sondern auch die Koordination und das K\u00f6rpergef\u00fchl. Ausserdem die Elastizit\u00e4t und die Muskelkraft.<\/p>\n","protected":false},"author":1,"featured_media":0,"parent":0,"menu_order":0,"comment_status":"closed","ping_status":"closed","template":"","meta":{"footnotes":""},"class_list":["post-7","page","type-page","status-publish","hentry","comments-off"],"_links":{"self":[{"href":"https:\/\/ballettstudio-mz.de\/index.php?rest_route=\/wp\/v2\/pages\/7","targetHints":{"allow":["GET"]}}],"collection":[{"href":"https:\/\/ballettstudio-mz.de\/index.php?rest_route=\/wp\/v2\/pages"}],"about":[{"href":"https:\/\/ballettstudio-mz.de\/index.php?rest_route=\/wp\/v2\/types\/page"}],"author":[{"embeddable":true,"href":"https:\/\/ballettstudio-mz.de\/index.php?rest_route=\/wp\/v2\/users\/1"}],"replies":[{"embeddable":true,"href":"https:\/\/ballettstudio-mz.de\/index.php?rest_route=%2Fwp%2Fv2%2Fcomments&post=7"}],"version-history":[{"count":5,"href":"https:\/\/ballettstudio-mz.de\/index.php?rest_route=\/wp\/v2\/pages\/7\/revisions"}],"predecessor-version":[{"id":118,"href":"https:\/\/ballettstudio-mz.de\/index.php?rest_route=\/wp\/v2\/pages\/7\/revisions\/118"}],"wp:attachment":[{"href":"https:\/\/ballettstudio-mz.de\/index.php?rest_route=%2Fwp%2Fv2%2Fmedia&parent=7"}],"curies":[{"name":"wp","href":"https:\/\/api.w.org\/{rel}","templated":true}]}}