{"id":9,"date":"2020-04-30T13:35:19","date_gmt":"2020-04-30T13:35:19","guid":{"rendered":"http:\/\/ballettstudio-mz.de\/?page_id=9"},"modified":"2022-12-12T11:44:13","modified_gmt":"2022-12-12T11:44:13","slug":"flamenco","status":"publish","type":"page","link":"http:\/\/ballettstudio-mz.de\/?page_id=9","title":{"rendered":"Flamenco (Sevillanas)"},"content":{"rendered":"\n<p>Die Sevillanas bestehen aus vier Strophen mit festen Choreografien, die paarweise getanzt werden k\u00f6nnen.<br>F\u00fcr den Kurs ben\u00f6tigten Sie keine Vorkenntnisse oder einen Tanzpartner.<\/p>\n\n\n\n<figure class=\"wp-block-image size-large\"><img loading=\"lazy\" decoding=\"async\" width=\"640\" height=\"480\" src=\"http:\/\/ballettstudio-mz.de\/wp-content\/uploads\/2020\/05\/dancers-995039_640.jpg\" alt=\"\" class=\"wp-image-66\" srcset=\"http:\/\/ballettstudio-mz.de\/wp-content\/uploads\/2020\/05\/dancers-995039_640.jpg 640w, http:\/\/ballettstudio-mz.de\/wp-content\/uploads\/2020\/05\/dancers-995039_640-300x225.jpg 300w, http:\/\/ballettstudio-mz.de\/wp-content\/uploads\/2020\/05\/dancers-995039_640-600x450.jpg 600w\" sizes=\"auto, (max-width: 640px) 100vw, 640px\" \/><\/figure>\n","protected":false},"excerpt":{"rendered":"<p>Die Sevillanas bestehen aus vier Strophen mit festen Choreografien, die paarweise getanzt werden k\u00f6nnen.F\u00fcr den Kurs ben\u00f6tigten Sie keine Vorkenntnisse<\/p>\n","protected":false},"author":1,"featured_media":0,"parent":0,"menu_order":0,"comment_status":"closed","ping_status":"closed","template":"","meta":{"footnotes":""},"class_list":["post-9","page","type-page","status-publish","hentry","comments-off"],"_links":{"self":[{"href":"http:\/\/ballettstudio-mz.de\/index.php?rest_route=\/wp\/v2\/pages\/9","targetHints":{"allow":["GET"]}}],"collection":[{"href":"http:\/\/ballettstudio-mz.de\/index.php?rest_route=\/wp\/v2\/pages"}],"about":[{"href":"http:\/\/ballettstudio-mz.de\/index.php?rest_route=\/wp\/v2\/types\/page"}],"author":[{"embeddable":true,"href":"http:\/\/ballettstudio-mz.de\/index.php?rest_route=\/wp\/v2\/users\/1"}],"replies":[{"embeddable":true,"href":"http:\/\/ballettstudio-mz.de\/index.php?rest_route=%2Fwp%2Fv2%2Fcomments&post=9"}],"version-history":[{"count":7,"href":"http:\/\/ballettstudio-mz.de\/index.php?rest_route=\/wp\/v2\/pages\/9\/revisions"}],"predecessor-version":[{"id":104,"href":"http:\/\/ballettstudio-mz.de\/index.php?rest_route=\/wp\/v2\/pages\/9\/revisions\/104"}],"wp:attachment":[{"href":"http:\/\/ballettstudio-mz.de\/index.php?rest_route=%2Fwp%2Fv2%2Fmedia&parent=9"}],"curies":[{"name":"wp","href":"https:\/\/api.w.org\/{rel}","templated":true}]}}