{"id":6,"date":"2020-04-30T13:35:19","date_gmt":"2020-04-30T13:35:19","guid":{"rendered":"http:\/\/ballettstudio-mz.de\/?page_id=6"},"modified":"2020-05-01T12:23:25","modified_gmt":"2020-05-01T12:23:25","slug":"kinderballett","status":"publish","type":"page","link":"http:\/\/ballettstudio-mz.de\/?page_id=6","title":{"rendered":"Kinderballett"},"content":{"rendered":"\n<p>Klassisches Ballett stellt eine hervorragende M\u00f6glichkeit dar, in behutsamer und anatomischer korrekter Form ein effektives, ganzheitliches K\u00f6rpertraining f\u00fcr Kinder und Erwachsene anzubieten. Dabei sollen K\u00f6rperbewusstsein, Konzentrationsf\u00e4higkeit, Koordination und Musikalit\u00e4t, sowie Sensibilit\u00e4t und Ausdruckskraft entwickelt werden. Tanzen \u2013 ist Gef\u00fchle auszudr\u00fccken, Musik zu empfinden und der K\u00f6rper ist unser Instrument mit dem wir die Musik wiedergeben. Ballett ist eine gesunde Besch\u00e4ftigung, die bei der Haltung und Kontrolle des K\u00f6rpers gelehrt wird, das Ged\u00e4chtnis trainiert und eine Disziplin anerzieht, die einen ein Leben lang positiv begleiten wird und eine hervorragende Grundlage f\u00fcr alle weiteren Tanzarten ist.<\/p>\n\n\n\n<figure class=\"wp-block-image size-large is-resized\"><img loading=\"lazy\" decoding=\"async\" src=\"http:\/\/ballettstudio-mz.de\/wp-content\/uploads\/2020\/05\/ballet-2875491_1280-300x201-1.jpg\" alt=\"\" class=\"wp-image-62\" width=\"360\" height=\"241\"\/><\/figure>\n","protected":false},"excerpt":{"rendered":"<p>Klassisches Ballett stellt eine hervorragende M\u00f6glichkeit dar, in behutsamer und anatomischer korrekter Form ein effektives, ganzheitliches K\u00f6rpertraining f\u00fcr Kinder und<\/p>\n","protected":false},"author":1,"featured_media":0,"parent":0,"menu_order":0,"comment_status":"closed","ping_status":"closed","template":"","meta":{"footnotes":""},"class_list":["post-6","page","type-page","status-publish","hentry","comments-off"],"_links":{"self":[{"href":"http:\/\/ballettstudio-mz.de\/index.php?rest_route=\/wp\/v2\/pages\/6","targetHints":{"allow":["GET"]}}],"collection":[{"href":"http:\/\/ballettstudio-mz.de\/index.php?rest_route=\/wp\/v2\/pages"}],"about":[{"href":"http:\/\/ballettstudio-mz.de\/index.php?rest_route=\/wp\/v2\/types\/page"}],"author":[{"embeddable":true,"href":"http:\/\/ballettstudio-mz.de\/index.php?rest_route=\/wp\/v2\/users\/1"}],"replies":[{"embeddable":true,"href":"http:\/\/ballettstudio-mz.de\/index.php?rest_route=%2Fwp%2Fv2%2Fcomments&post=6"}],"version-history":[{"count":3,"href":"http:\/\/ballettstudio-mz.de\/index.php?rest_route=\/wp\/v2\/pages\/6\/revisions"}],"predecessor-version":[{"id":63,"href":"http:\/\/ballettstudio-mz.de\/index.php?rest_route=\/wp\/v2\/pages\/6\/revisions\/63"}],"wp:attachment":[{"href":"http:\/\/ballettstudio-mz.de\/index.php?rest_route=%2Fwp%2Fv2%2Fmedia&parent=6"}],"curies":[{"name":"wp","href":"https:\/\/api.w.org\/{rel}","templated":true}]}}